{"id":255,"date":"2005-06-21T00:08:41","date_gmt":"2005-06-20T22:08:41","guid":{"rendered":"http:\/\/www.andare.ch\/blog\/koordinaten-mapsearchch\/"},"modified":"2016-01-26T01:01:41","modified_gmt":"2016-01-25T23:01:41","slug":"koordinaten-mapsearchch","status":"publish","type":"page","link":"https:\/\/andare.ch\/blog\/koordinaten-mapsearchch\/","title":{"rendered":"Koordinatensuche"},"content":{"rendered":"<div class='microid-156a6657e8e541d4c497437417b07acdb33b7ac4'><p>&nbsp;<\/p>\n<p><em>update<\/em>: Diese Ann\u00e4herung, welche ich vor einiger Zeit einmal codiert habe, ist schon seit einer ganzen Weile \u00fcberholt. map.search.ch unterst\u00fctzt seit l\u00e4ngerem den direkten Aufruf von Orten via Schweizer Koordinaten. Dazu ganze einfach die Koordinaten in die URL tippen und der entsprechende Punkte wird in der Karte markiert. Beispiel Grossm\u00fcnster Z\u00fcrich: <a title=\"Grossm\u00fcnster Z\u00fcrich\" href=\"http:\/\/map.search.ch\/683498,247166\">http:\/\/map.search.ch\/683498,247166<\/a><br \/>\nF\u00fcr\u00a0den umgekehrten Weg, also das Auslesen der Schweizer Koordinaten aus der Karte empfiehlt sich das <a title=\"swisstopo Geoddaten\" href=\"http:\/\/www.swisstopogeodata.ch\/geodatenviewer\/index.php\">Angebot von Swisstopo<\/a>.<\/p>\n<p>Anhand des untenstehenden Formular kann \u00fcber die Eingabe einer Koordinaten im Schweizer Koordinatensystem der entsprechende Punkt auf map.search.ch angezeigt werden.<br \/>\nDer gesuchte Punkt befindet sich in der Mitte des gesuchten Ausschnittes. Mit Hilfe der Zoomstufe kann die Aufl\u00f6sung des Bildes beeinflusst werden.<\/p>\n<p>Das Resultat wird in einem neuen Browserfenster angezeigt. Die Anzeige erfolgt im interaktiven Modus von map.search.ch, es kann also unmittelbar mit dem Resultat weitergearbeitet werden.<\/p>\n<div>\n<form>\n<table border=\"0\">\n<tbody>\n<tr>\n<td><label for=\"xCoord\">Ost\/West Koordinate: <\/label><\/td>\n<td><input id=\"xCoord\" name=\"xCoord\" size=\"6\" type=\"text\" value=\"600000\" \/><\/td>\n<\/tr>\n<tr>\n<td><label for=\"yCoord\">Nord\/S\u00fcd Koordinate: <\/label><\/td>\n<td><input id=\"yCoord\" name=\"yCoord\" size=\"6\" type=\"text\" value=\"200000\" \/><\/td>\n<\/tr>\n<tr>\n<td><label for=\"zoom\">Zoomstufe: <\/label><\/td>\n<td><select id=\"zoom\" name=\"zoom\"><option value=\"0.5\">max.<\/option><option value=\"1\">1<\/option><option value=\"2\">2<\/option><option value=\"8\">8<\/option><option value=\"32\">32<\/option><option value=\"128\">max.<\/option><\/select><\/td>\n<\/tr>\n<tr>\n<td colspan=\"2\" align=\"center\"><input name=\"submit\" type=\"submit\" value=\"Anzeigen\" \/><\/td>\n<\/tr>\n<\/tbody>\n<\/table>\n<\/form>\n<\/div>\n<\/div>","protected":false},"excerpt":{"rendered":"<p>&nbsp; update: Diese Ann\u00e4herung, welche ich vor einiger Zeit einmal codiert habe, ist schon seit einer ganzen Weile \u00fcberholt. map.search.ch unterst\u00fctzt seit l\u00e4ngerem den direkten Aufruf von Orten via Schweizer Koordinaten. Dazu ganze einfach die Koordinaten in die URL tippen und der entsprechende Punkte wird in der Karte markiert. Beispiel Grossm\u00fcnster Z\u00fcrich: http:\/\/map.search.ch\/683498,247166 F\u00fcr\u00a0den umgekehrten [&hellip;]<\/p>\n","protected":false},"author":2,"featured_media":0,"parent":0,"menu_order":0,"comment_status":"closed","ping_status":"closed","template":"","meta":{"_monsterinsights_skip_tracking":false,"_monsterinsights_sitenote_active":false,"_monsterinsights_sitenote_note":"","_monsterinsights_sitenote_category":0,"jetpack_post_was_ever_published":false,"footnotes":""},"class_list":["post-255","page","type-page","status-publish","hentry"],"jetpack_sharing_enabled":true,"_links":{"self":[{"href":"https:\/\/andare.ch\/blog\/wp-json\/wp\/v2\/pages\/255","targetHints":{"allow":["GET"]}}],"collection":[{"href":"https:\/\/andare.ch\/blog\/wp-json\/wp\/v2\/pages"}],"about":[{"href":"https:\/\/andare.ch\/blog\/wp-json\/wp\/v2\/types\/page"}],"author":[{"embeddable":true,"href":"https:\/\/andare.ch\/blog\/wp-json\/wp\/v2\/users\/2"}],"replies":[{"embeddable":true,"href":"https:\/\/andare.ch\/blog\/wp-json\/wp\/v2\/comments?post=255"}],"version-history":[{"count":4,"href":"https:\/\/andare.ch\/blog\/wp-json\/wp\/v2\/pages\/255\/revisions"}],"predecessor-version":[{"id":3491,"href":"https:\/\/andare.ch\/blog\/wp-json\/wp\/v2\/pages\/255\/revisions\/3491"}],"wp:attachment":[{"href":"https:\/\/andare.ch\/blog\/wp-json\/wp\/v2\/media?parent=255"}],"curies":[{"name":"wp","href":"https:\/\/api.w.org\/{rel}","templated":true}]}}